{"id":110,"date":"2025-10-06T19:07:13","date_gmt":"2025-10-06T17:07:13","guid":{"rendered":"https:\/\/kedracki.com.pl\/?post_type=product&#038;p=110"},"modified":"2025-10-06T19:07:36","modified_gmt":"2025-10-06T17:07:36","slug":"miod-gryczany","status":"publish","type":"product","link":"https:\/\/kedracki.com.pl\/?product=miod-gryczany","title":{"rendered":"Mi\u00f3d Gryczany"},"content":{"rendered":"<p><strong data-start=\"1198\" data-end=\"1215\">MI\u00d3D GRYCZANY<\/strong> &#8211; o barwie brunatnej do br\u0105zowej. Krystalizuje powoli. Posiada wysok\u0105 aktywno\u015b\u0107 antybiotyczn\u0105. Korzystnie wp\u0142ywa na uk\u0142ad obronny organizmu. Bardzo zasobny w witamin\u0119 C. Bardzo pomocny w leczeniu chor\u00f3b uk\u0142adu kr\u0105\u017cenia, g\u0142\u00f3wnie mia\u017cd\u017cycy oraz przy os\u0142abieniu pami\u0119ci, wzroku i s\u0142uchu. Doskona\u0142y regulator ci\u015bnienia.<\/p>\n","protected":false},"excerpt":{"rendered":"<p><strong data-start=\"1198\" data-end=\"1215\">MI\u00d3D GRYCZANY<\/strong> &#8211; o barwie brunatnej do br\u0105zowej. Krystalizuje powoli. Posiada wysok\u0105 aktywno\u015b\u0107 antybiotyczn\u0105. Korzystnie wp\u0142ywa na uk\u0142ad obronny organizmu. Bardzo zasobny w witamin\u0119 C. Bardzo pomocny w leczeniu chor\u00f3b uk\u0142adu kr\u0105\u017cenia, g\u0142\u00f3wnie mia\u017cd\u017cycy oraz przy os\u0142abieniu pami\u0119ci, wzroku i s\u0142uchu. Doskona\u0142y regulator ci\u015bnienia.<\/p>\n","protected":false},"featured_media":95,"comment_status":"open","ping_status":"closed","template":"","meta":[],"product_brand":[],"product_cat":[20],"product_tag":[],"class_list":{"0":"post-110","1":"product","2":"type-product","3":"status-publish","4":"has-post-thumbnail","6":"product_cat-miod","8":"first","9":"instock","10":"taxable","11":"shipping-taxable","12":"purchasable","13":"product-type-variable"},"jetpack_sharing_enabled":true,"_links":{"self":[{"href":"https:\/\/kedracki.com.pl\/index.php?rest_route=\/wp\/v2\/product\/110","targetHints":{"allow":["GET"]}}],"collection":[{"href":"https:\/\/kedracki.com.pl\/index.php?rest_route=\/wp\/v2\/product"}],"about":[{"href":"https:\/\/kedracki.com.pl\/index.php?rest_route=\/wp\/v2\/types\/product"}],"replies":[{"embeddable":true,"href":"https:\/\/kedracki.com.pl\/index.php?rest_route=%2Fwp%2Fv2%2Fcomments&post=110"}],"wp:featuredmedia":[{"embeddable":true,"href":"https:\/\/kedracki.com.pl\/index.php?rest_route=\/wp\/v2\/media\/95"}],"wp:attachment":[{"href":"https:\/\/kedracki.com.pl\/index.php?rest_route=%2Fwp%2Fv2%2Fmedia&parent=110"}],"wp:term":[{"taxonomy":"product_brand","embeddable":true,"href":"https:\/\/kedracki.com.pl\/index.php?rest_route=%2Fwp%2Fv2%2Fproduct_brand&post=110"},{"taxonomy":"product_cat","embeddable":true,"href":"https:\/\/kedracki.com.pl\/index.php?rest_route=%2Fwp%2Fv2%2Fproduct_cat&post=110"},{"taxonomy":"product_tag","embeddable":true,"href":"https:\/\/kedracki.com.pl\/index.php?rest_route=%2Fwp%2Fv2%2Fproduct_tag&post=110"}],"curies":[{"name":"wp","href":"https:\/\/api.w.org\/{rel}","templated":true}]}}