{"id":115,"date":"2025-10-06T19:40:58","date_gmt":"2025-10-06T17:40:58","guid":{"rendered":"https:\/\/kedracki.com.pl\/?post_type=product&#038;p=115"},"modified":"2025-10-06T19:40:58","modified_gmt":"2025-10-06T17:40:58","slug":"miod-wielokwiatowy","status":"publish","type":"product","link":"https:\/\/kedracki.com.pl\/?product=miod-wielokwiatowy","title":{"rendered":"Mi\u00f3d Wielokwiatowy"},"content":{"rendered":"<p><strong data-start=\"1842\" data-end=\"1864\">MI\u00d3D WIELOKWIATOWY<\/strong> &#8211; pochodzi z nektaru r\u00f3\u017cnych gatunk\u00f3w ro\u015blin uprawnych, le\u015bnych, \u0142\u0105kowych, drzew. Posiada barw\u0119 od kremowo-bia\u0142ej do \u017c\u00f3\u0142tej. Zalecany do og\u00f3lnego stosowania, wzmocnienia i regeneracji organizmu. Wp\u0142ywa korzystnie na serce, naczynia i uk\u0142ad kr\u0105\u017cenia.<\/p>\n","protected":false},"excerpt":{"rendered":"<p><strong data-start=\"1842\" data-end=\"1864\">MI\u00d3D WIELOKWIATOWY<\/strong> &#8211; pochodzi z nektaru r\u00f3\u017cnych gatunk\u00f3w ro\u015blin uprawnych, le\u015bnych, \u0142\u0105kowych, drzew. Posiada barw\u0119 od kremowo-bia\u0142ej do \u017c\u00f3\u0142tej. Zalecany do og\u00f3lnego stosowania, wzmocnienia i regeneracji organizmu. Wp\u0142ywa korzystnie na serce, naczynia i uk\u0142ad kr\u0105\u017cenia.<\/p>\n","protected":false},"featured_media":155,"comment_status":"open","ping_status":"closed","template":"","meta":[],"product_brand":[],"product_cat":[20],"product_tag":[],"class_list":{"0":"post-115","1":"product","2":"type-product","3":"status-publish","4":"has-post-thumbnail","6":"product_cat-miod","8":"first","9":"instock","10":"taxable","11":"shipping-taxable","12":"purchasable","13":"product-type-variable"},"jetpack_sharing_enabled":true,"_links":{"self":[{"href":"https:\/\/kedracki.com.pl\/index.php?rest_route=\/wp\/v2\/product\/115","targetHints":{"allow":["GET"]}}],"collection":[{"href":"https:\/\/kedracki.com.pl\/index.php?rest_route=\/wp\/v2\/product"}],"about":[{"href":"https:\/\/kedracki.com.pl\/index.php?rest_route=\/wp\/v2\/types\/product"}],"replies":[{"embeddable":true,"href":"https:\/\/kedracki.com.pl\/index.php?rest_route=%2Fwp%2Fv2%2Fcomments&post=115"}],"wp:featuredmedia":[{"embeddable":true,"href":"https:\/\/kedracki.com.pl\/index.php?rest_route=\/wp\/v2\/media\/155"}],"wp:attachment":[{"href":"https:\/\/kedracki.com.pl\/index.php?rest_route=%2Fwp%2Fv2%2Fmedia&parent=115"}],"wp:term":[{"taxonomy":"product_brand","embeddable":true,"href":"https:\/\/kedracki.com.pl\/index.php?rest_route=%2Fwp%2Fv2%2Fproduct_brand&post=115"},{"taxonomy":"product_cat","embeddable":true,"href":"https:\/\/kedracki.com.pl\/index.php?rest_route=%2Fwp%2Fv2%2Fproduct_cat&post=115"},{"taxonomy":"product_tag","embeddable":true,"href":"https:\/\/kedracki.com.pl\/index.php?rest_route=%2Fwp%2Fv2%2Fproduct_tag&post=115"}],"curies":[{"name":"wp","href":"https:\/\/api.w.org\/{rel}","templated":true}]}}