{"id":83,"date":"2025-10-05T18:53:39","date_gmt":"2025-10-05T16:53:39","guid":{"rendered":"https:\/\/kedracki.com.pl\/?post_type=product&#038;p=83"},"modified":"2025-10-06T18:46:20","modified_gmt":"2025-10-06T16:46:20","slug":"miod-spadziowy-z-puszczy-jodlowej-1200g","status":"publish","type":"product","link":"https:\/\/kedracki.com.pl\/?product=miod-spadziowy-z-puszczy-jodlowej-1200g","title":{"rendered":"Mi\u00f3d spadziowy z Puszczy Jod\u0142owej"},"content":{"rendered":"<p><b>MI\u00d3D SPADZIOWY\u00a0<\/b>&#8211; o barwie ciemno br\u0105zowej, prawie czarnej, w smaku jest \u0142agodny, ma\u0142o s\u0142odki. Zawiera wi\u0119cej enzym\u00f3w, biopierwiastk\u00f3w i witamin z grupy B ni\u017c inne miody. Dzia\u0142a przeciwzapalnie, antybiotycznie. Pomaga przy leczeniu schorze\u0144 dr\u00f3g oddechowych, serca, staw\u00f3w, sk\u00f3ry, reumatycznych. Korzystnie wp\u0142ywa na system nerwowy.<\/p>\n","protected":false},"excerpt":{"rendered":"<p><b><img loading=\"lazy\" decoding=\"async\" class=\"size-medium wp-image-76 alignleft\" src=\"https:\/\/kedracki.com.pl\/wp-content\/uploads\/2025\/08\/IMG_20210628_135622-300x225.jpg\" alt=\"\" width=\"300\" height=\"225\" srcset=\"https:\/\/kedracki.com.pl\/wp-content\/uploads\/2025\/08\/IMG_20210628_135622-300x225.jpg 300w, https:\/\/kedracki.com.pl\/wp-content\/uploads\/2025\/08\/IMG_20210628_135622-1024x768.jpg 1024w, https:\/\/kedracki.com.pl\/wp-content\/uploads\/2025\/08\/IMG_20210628_135622-768x576.jpg 768w, https:\/\/kedracki.com.pl\/wp-content\/uploads\/2025\/08\/IMG_20210628_135622-600x450.jpg 600w, https:\/\/kedracki.com.pl\/wp-content\/uploads\/2025\/08\/IMG_20210628_135622.jpg 1257w\" sizes=\"auto, (max-width: 300px) 100vw, 300px\" \/>MI\u00d3D SPADZIOWY\u00a0<\/b>&#8211; o barwie ciemno br\u0105zowej, prawie czarnej, w smaku jest \u0142agodny, ma\u0142o s\u0142odki. Zawiera wi\u0119cej enzym\u00f3w, biopierwiastk\u00f3w i witamin z grupy B ni\u017c inne miody. Dzia\u0142a przeciwzapalnie, antybiotycznie. Pomaga przy leczeniu schorze\u0144 dr\u00f3g oddechowych, serca, staw\u00f3w,<\/p>\n<div class=\"mpof_ki myre_zn myre_8v_l m389_6m_l\">\n<div class=\"mp4t_16_s mryx_16_s mr3m_1 mli2_1 mh85_56 mh85_0_l\">\n<div class=\"mgn2_16 _0d3bd_am0a-\">\n<p><b>Mi\u00f3d pozyskany na prze\u0142omie czerwca-sierpnia 2025r.<\/b><\/p>\n<p>Niniejsza oferta dotyczy sprzeda\u017cy du\u017cego s\u0142oika miodu o pojemno\u015bci ok.\u00a0<b>900 ml<\/b>\u00a0i masie netto\u00a0<b>1200 g.<\/b><\/p>\n<p>Mi\u00f3d spadziowy krystalizuje po oko\u0142o 2-3 miesi\u0105cach od zbioru. Proces dekrystalizacji, czyli &#8221;up\u0142ynniania&#8221; odbywa si\u0119 w specjalnych komorach dekrystalizacyjnych w kt\u00f3rych temperatura nie przekracza 40 stopni Celsjusza, dzi\u0119ki czemu zachowuje wszystkie w\u0142a\u015bciwo\u015bci.<\/p>\n<p>Mi\u00f3d po skrystalizowaniu zmienia barw\u0119 do ciemno br\u0105zowej.<\/p>\n<\/div>\n<\/div>\n<div class=\"mp4t_16_s mryx_16_s mr3m_1 mli2_1 mh85_56 mh85_0_l\">\n<div class=\"mg9e_8 mj7a_8 mg9e_0_s mvrt_0_s mj7a_0_s mh36_0_s mzmg_6m munh_16_l m3h2_16_l\">\n<div class=\"mp4t_0 mryx_0 munh_56 m3h2_56\">\n<div class=\"mp7g_oh\"><\/div>\n<\/div>\n<\/div>\n<\/div>\n<\/div>\n<div class=\"mpof_ki myre_zn myre_8v_l m389_6m_l\">\n<div class=\"mp4t_16_s mryx_16_s mr3m_1 mli2_1 mh85_56 mh85_0_l\">\n<div class=\"mgn2_16 _0d3bd_am0a-\">\n<p>Tegoroczny mi\u00f3d ma barw\u0119 bardzo ciemn\u0105, wpadaj\u0105c\u0105 w czer\u0144, przewodno\u015b\u0107 elektryczna w\u0142a\u015bciwa wynosi 11,5 S\/cm (mi\u00f3d spadziowy li\u015bciasty zaczyna si\u0119 od 8 S\/cm, iglasta od 9 S\/cm).<\/p>\n<\/div>\n<p>Przewodno\u015b\u0107 elektryc<\/p>\n<p>zna miodu jest g\u0142\u00f3wnym czynnikiem okre\u015blania rodzaju miodu &#8211; nektarowy czy spadziowy. Wy\u017csza zawarto\u015b\u0107 zwi\u0105zk\u00f3w mineralnych w roztworze wodnym zwi\u0119ksza przewodno\u015b\u0107 elektryczn\u0105 &#8211; w skr\u00f3cie &#8211; im wi\u0119ksza przewodno\u015b\u0107, tym wi\u0119ksza ilo\u015b\u0107 zwi\u0105zk\u00f3w mineralnych &#8211; tym wi\u0119ksze walory zdrowotne miodu<\/p>\n<\/div>\n<\/div>\n","protected":false},"featured_media":84,"comment_status":"open","ping_status":"closed","template":"","meta":[],"product_brand":[],"product_cat":[20],"product_tag":[21],"class_list":{"0":"post-83","1":"product","2":"type-product","3":"status-publish","4":"has-post-thumbnail","6":"product_cat-miod","7":"product_tag-s1200","9":"first","10":"instock","11":"taxable","12":"shipping-taxable","13":"purchasable","14":"product-type-variable"},"jetpack_sharing_enabled":true,"_links":{"self":[{"href":"https:\/\/kedracki.com.pl\/index.php?rest_route=\/wp\/v2\/product\/83","targetHints":{"allow":["GET"]}}],"collection":[{"href":"https:\/\/kedracki.com.pl\/index.php?rest_route=\/wp\/v2\/product"}],"about":[{"href":"https:\/\/kedracki.com.pl\/index.php?rest_route=\/wp\/v2\/types\/product"}],"replies":[{"embeddable":true,"href":"https:\/\/kedracki.com.pl\/index.php?rest_route=%2Fwp%2Fv2%2Fcomments&post=83"}],"wp:featuredmedia":[{"embeddable":true,"href":"https:\/\/kedracki.com.pl\/index.php?rest_route=\/wp\/v2\/media\/84"}],"wp:attachment":[{"href":"https:\/\/kedracki.com.pl\/index.php?rest_route=%2Fwp%2Fv2%2Fmedia&parent=83"}],"wp:term":[{"taxonomy":"product_brand","embeddable":true,"href":"https:\/\/kedracki.com.pl\/index.php?rest_route=%2Fwp%2Fv2%2Fproduct_brand&post=83"},{"taxonomy":"product_cat","embeddable":true,"href":"https:\/\/kedracki.com.pl\/index.php?rest_route=%2Fwp%2Fv2%2Fproduct_cat&post=83"},{"taxonomy":"product_tag","embeddable":true,"href":"https:\/\/kedracki.com.pl\/index.php?rest_route=%2Fwp%2Fv2%2Fproduct_tag&post=83"}],"curies":[{"name":"wp","href":"https:\/\/api.w.org\/{rel}","templated":true}]}}